{"id":872,"date":"2024-01-15T04:11:43","date_gmt":"2024-01-15T04:11:43","guid":{"rendered":"https:\/\/laegerneboesbrovej.dk\/?page_id=872"},"modified":"2024-02-28T13:36:55","modified_gmt":"2024-02-28T13:36:55","slug":"konsultation","status":"publish","type":"page","link":"https:\/\/laegerneboesbrovej.dk\/index.php\/konsultation\/","title":{"rendered":"Konsultation"},"content":{"rendered":"\t\t<div data-elementor-type=\"wp-page\" data-elementor-id=\"872\" class=\"elementor elementor-872\">\n\t\t\t\t<div class=\"elementor-element elementor-element-167c48a e-flex e-con-boxed e-con e-parent\" data-id=\"167c48a\" data-element_type=\"container\" data-e-type=\"container\">\n\t\t\t\t\t<div class=\"e-con-inner\">\n\t\t\t\t<div class=\"elementor-element elementor-element-645f176 elementor-widget elementor-widget-heading\" data-id=\"645f176\" data-element_type=\"widget\" data-e-type=\"widget\" data-widget_type=\"heading.default\">\n\t\t\t\t<div class=\"elementor-widget-container\">\n\t\t\t\t\t<h2 class=\"elementor-heading-title elementor-size-default\">Konsultation<\/h2>\t\t\t\t<\/div>\n\t\t\t\t<\/div>\n\t\t\t\t\t<\/div>\n\t\t\t\t<\/div>\n\t\t\t\t<section class=\"elementor-section elementor-top-section elementor-element elementor-element-c8ff7ca elementor-section-boxed elementor-section-height-default elementor-section-height-default\" data-id=\"c8ff7ca\" data-element_type=\"section\" data-e-type=\"section\">\n\t\t\t\t\t\t<div class=\"elementor-container elementor-column-gap-default\">\n\t\t\t\t\t<div class=\"elementor-column elementor-col-100 elementor-top-column elementor-element elementor-element-c29d194\" data-id=\"c29d194\" data-element_type=\"column\" data-e-type=\"column\">\n\t\t\t<div class=\"elementor-widget-wrap elementor-element-populated\">\n\t\t\t\t\t\t<section class=\"elementor-section elementor-inner-section elementor-element elementor-element-e71b255 elementor-section-boxed elementor-section-height-default elementor-section-height-default\" data-id=\"e71b255\" data-element_type=\"section\" data-e-type=\"section\">\n\t\t\t\t\t\t<div class=\"elementor-container elementor-column-gap-default\">\n\t\t\t\t\t<div class=\"elementor-column elementor-col-100 elementor-inner-column elementor-element elementor-element-0179350\" data-id=\"0179350\" data-element_type=\"column\" data-e-type=\"column\" data-settings=\"{&quot;background_background&quot;:&quot;classic&quot;}\">\n\t\t\t<div class=\"elementor-widget-wrap elementor-element-populated\">\n\t\t\t\t\t\t<div class=\"elementor-element elementor-element-36ab53a elementor-widget elementor-widget-heading\" data-id=\"36ab53a\" data-element_type=\"widget\" data-e-type=\"widget\" data-widget_type=\"heading.default\">\n\t\t\t\t<div class=\"elementor-widget-container\">\n\t\t\t\t\t<h2 class=\"elementor-heading-title elementor-size-default\">Konsultation<\/h2>\t\t\t\t<\/div>\n\t\t\t\t<\/div>\n\t\t\t\t<div class=\"elementor-element elementor-element-8e32877 elementor-widget elementor-widget-text-editor\" data-id=\"8e32877\" data-element_type=\"widget\" data-e-type=\"widget\" data-widget_type=\"text-editor.default\">\n\t\t\t\t<div class=\"elementor-widget-container\">\n\t\t\t\t\t\t\t\t\t<p>Konsultation foreg\u00e5r kun efter aftale.<\/p><p>Der er dagligt konsultationer i tidsrummet 08.00-12.00 og 13.00-15.00.<\/p><p>Onsdag er der aftenkonsultation i tidsrummet 14.30-17.00.<\/p><p>Konsultationer vedr\u00f8rende akut opst\u00e5et sygdom planl\u00e6gges normalt&nbsp;<span style=\"color: var( --e-global-color-daa398f );\">til tidsrummet 9.30 \u2013 10.00.&nbsp;<\/span><\/p>\t\t\t\t\t\t\t\t<\/div>\n\t\t\t\t<\/div>\n\t\t\t\t\t<\/div>\n\t\t<\/div>\n\t\t\t\t\t<\/div>\n\t\t<\/section>\n\t\t\t\t\t<\/div>\n\t\t<\/div>\n\t\t\t\t\t<\/div>\n\t\t<\/section>\n\t\t\t\t<section class=\"elementor-section elementor-top-section elementor-element elementor-element-49f27de elementor-section-boxed elementor-section-height-default elementor-section-height-default\" data-id=\"49f27de\" data-element_type=\"section\" data-e-type=\"section\">\n\t\t\t\t\t\t<div class=\"elementor-container elementor-column-gap-default\">\n\t\t\t\t\t<div class=\"elementor-column elementor-col-100 elementor-top-column elementor-element elementor-element-9fdc416\" data-id=\"9fdc416\" data-element_type=\"column\" data-e-type=\"column\">\n\t\t\t<div class=\"elementor-widget-wrap elementor-element-populated\">\n\t\t\t\t\t\t<section class=\"elementor-section elementor-inner-section elementor-element elementor-element-96ab881 elementor-section-boxed elementor-section-height-default elementor-section-height-default\" data-id=\"96ab881\" data-element_type=\"section\" data-e-type=\"section\">\n\t\t\t\t\t\t<div class=\"elementor-container elementor-column-gap-default\">\n\t\t\t\t\t<div class=\"elementor-column elementor-col-100 elementor-inner-column elementor-element elementor-element-4217c22\" data-id=\"4217c22\" data-element_type=\"column\" data-e-type=\"column\" data-settings=\"{&quot;background_background&quot;:&quot;classic&quot;}\">\n\t\t\t<div class=\"elementor-widget-wrap elementor-element-populated\">\n\t\t\t\t\t\t<div class=\"elementor-element elementor-element-bd89aed elementor-widget elementor-widget-heading\" data-id=\"bd89aed\" data-element_type=\"widget\" data-e-type=\"widget\" data-widget_type=\"heading.default\">\n\t\t\t\t<div class=\"elementor-widget-container\">\n\t\t\t\t\t<h2 class=\"elementor-heading-title elementor-size-default\">Telefonkonsultation<\/h2>\t\t\t\t<\/div>\n\t\t\t\t<\/div>\n\t\t\t\t<div class=\"elementor-element elementor-element-03a08ff elementor-widget elementor-widget-text-editor\" data-id=\"03a08ff\" data-element_type=\"widget\" data-e-type=\"widget\" data-widget_type=\"text-editor.default\">\n\t\t\t\t<div class=\"elementor-widget-container\">\n\t\t\t\t\t\t\t\t\t<p>Telefonkonsultationen er dagligt mellem 08.00-09.00. Alle opkald bliver sekret\u00e6r visiteret og kan bookes til en l\u00e6ge ringer tilbage til dig ved behov.<\/p><p>En af l\u00e6gerne er til r\u00e5dighed i tidsrummet.<\/p><p><span style=\"color: var( --e-global-color-daa398f );\">Telefonkonsultationstiden bedes anvendt ved akut opst\u00e5et sygdom samt anmodning om hjemmebes\u00f8g.<\/span><\/p><p>Desuden kan der gives svar p\u00e5 specielle pr\u00f8ver og unders\u00f8gelser.<\/p>\t\t\t\t\t\t\t\t<\/div>\n\t\t\t\t<\/div>\n\t\t\t\t\t<\/div>\n\t\t<\/div>\n\t\t\t\t\t<\/div>\n\t\t<\/section>\n\t\t\t\t\t<\/div>\n\t\t<\/div>\n\t\t\t\t\t<\/div>\n\t\t<\/section>\n\t\t\t\t<section class=\"elementor-section elementor-top-section elementor-element elementor-element-0e1c78f elementor-section-boxed elementor-section-height-default elementor-section-height-default\" data-id=\"0e1c78f\" data-element_type=\"section\" data-e-type=\"section\">\n\t\t\t\t\t\t<div class=\"elementor-container elementor-column-gap-default\">\n\t\t\t\t\t<div class=\"elementor-column elementor-col-100 elementor-top-column elementor-element elementor-element-d5f2516\" data-id=\"d5f2516\" data-element_type=\"column\" data-e-type=\"column\">\n\t\t\t<div class=\"elementor-widget-wrap elementor-element-populated\">\n\t\t\t\t\t\t<section class=\"elementor-section elementor-inner-section elementor-element elementor-element-aea3f0e elementor-section-boxed elementor-section-height-default elementor-section-height-default\" data-id=\"aea3f0e\" data-element_type=\"section\" data-e-type=\"section\">\n\t\t\t\t\t\t<div class=\"elementor-container elementor-column-gap-default\">\n\t\t\t\t\t<div class=\"elementor-column elementor-col-100 elementor-inner-column elementor-element elementor-element-277148b\" data-id=\"277148b\" data-element_type=\"column\" data-e-type=\"column\" data-settings=\"{&quot;background_background&quot;:&quot;classic&quot;}\">\n\t\t\t<div class=\"elementor-widget-wrap elementor-element-populated\">\n\t\t\t\t\t\t<div class=\"elementor-element elementor-element-17f2193 elementor-widget elementor-widget-heading\" data-id=\"17f2193\" data-element_type=\"widget\" data-e-type=\"widget\" data-widget_type=\"heading.default\">\n\t\t\t\t<div class=\"elementor-widget-container\">\n\t\t\t\t\t<h2 class=\"elementor-heading-title elementor-size-default\">Mulighed for videokonsultation<\/h2>\t\t\t\t<\/div>\n\t\t\t\t<\/div>\n\t\t\t\t<div class=\"elementor-element elementor-element-d3e74bc elementor-widget elementor-widget-text-editor\" data-id=\"d3e74bc\" data-element_type=\"widget\" data-e-type=\"widget\" data-widget_type=\"text-editor.default\">\n\t\t\t\t<div class=\"elementor-widget-container\">\n\t\t\t\t\t\t\t\t\t<p>Vi stiller mulighed for videokonsultation som alternativ til telefon og fremm\u00f8de. Dette skal aftales og bookes via vores sekret\u00e6rer.<\/p>\t\t\t\t\t\t\t\t<\/div>\n\t\t\t\t<\/div>\n\t\t\t\t\t<\/div>\n\t\t<\/div>\n\t\t\t\t\t<\/div>\n\t\t<\/section>\n\t\t\t\t\t<\/div>\n\t\t<\/div>\n\t\t\t\t\t<\/div>\n\t\t<\/section>\n\t\t\t\t<section class=\"elementor-section elementor-top-section elementor-element elementor-element-c99948b elementor-section-boxed elementor-section-height-default elementor-section-height-default\" data-id=\"c99948b\" data-element_type=\"section\" data-e-type=\"section\">\n\t\t\t\t\t\t<div class=\"elementor-container elementor-column-gap-default\">\n\t\t\t\t\t<div class=\"elementor-column elementor-col-100 elementor-top-column elementor-element elementor-element-a3596a5\" data-id=\"a3596a5\" data-element_type=\"column\" data-e-type=\"column\">\n\t\t\t<div class=\"elementor-widget-wrap elementor-element-populated\">\n\t\t\t\t\t\t<section class=\"elementor-section elementor-inner-section elementor-element elementor-element-6b303c0 elementor-section-boxed elementor-section-height-default elementor-section-height-default\" data-id=\"6b303c0\" data-element_type=\"section\" data-e-type=\"section\">\n\t\t\t\t\t\t<div class=\"elementor-container elementor-column-gap-default\">\n\t\t\t\t\t<div class=\"elementor-column elementor-col-100 elementor-inner-column elementor-element elementor-element-6c03694\" data-id=\"6c03694\" data-element_type=\"column\" data-e-type=\"column\" data-settings=\"{&quot;background_background&quot;:&quot;classic&quot;}\">\n\t\t\t<div class=\"elementor-widget-wrap elementor-element-populated\">\n\t\t\t\t\t\t<div class=\"elementor-element elementor-element-8a9cf91 elementor-widget elementor-widget-heading\" data-id=\"8a9cf91\" data-element_type=\"widget\" data-e-type=\"widget\" data-widget_type=\"heading.default\">\n\t\t\t\t<div class=\"elementor-widget-container\">\n\t\t\t\t\t<h2 class=\"elementor-heading-title elementor-size-default\">Konsultationer med sygeplejersker og jordemoder<\/h2>\t\t\t\t<\/div>\n\t\t\t\t<\/div>\n\t\t\t\t<div class=\"elementor-element elementor-element-41abc74 elementor-widget elementor-widget-text-editor\" data-id=\"41abc74\" data-element_type=\"widget\" data-e-type=\"widget\" data-widget_type=\"text-editor.default\">\n\t\t\t\t<div class=\"elementor-widget-container\">\n\t\t\t\t\t\t\t\t\t<p>Vores sygeplejersker og jordemoder har selvst\u00e6ndige konsultationer og de kan ligeledes kontaktes p\u00e5 mail som alternativ til at ringe.\u00a0<\/p>\t\t\t\t\t\t\t\t<\/div>\n\t\t\t\t<\/div>\n\t\t\t\t\t<\/div>\n\t\t<\/div>\n\t\t\t\t\t<\/div>\n\t\t<\/section>\n\t\t\t\t\t<\/div>\n\t\t<\/div>\n\t\t\t\t\t<\/div>\n\t\t<\/section>\n\t\t\t\t<section class=\"elementor-section elementor-top-section elementor-element elementor-element-538bdcc elementor-section-boxed elementor-section-height-default elementor-section-height-default\" data-id=\"538bdcc\" data-element_type=\"section\" data-e-type=\"section\" data-settings=\"{&quot;shape_divider_bottom&quot;:&quot;mountains&quot;}\">\n\t\t\t\t\t<div class=\"elementor-shape elementor-shape-bottom\" aria-hidden=\"true\" data-negative=\"false\">\n\t\t\t<svg xmlns=\"http:\/\/www.w3.org\/2000\/svg\" viewBox=\"0 0 1000 100\" preserveAspectRatio=\"none\">\n\t<path class=\"elementor-shape-fill\" opacity=\"0.33\" d=\"M473,67.3c-203.9,88.3-263.1-34-320.3,0C66,119.1,0,59.7,0,59.7V0h1000v59.7 c0,0-62.1,26.1-94.9,29.3c-32.8,3.3-62.8-12.3-75.8-22.1C806,49.6,745.3,8.7,694.9,4.7S492.4,59,473,67.3z\"\/>\n\t<path class=\"elementor-shape-fill\" opacity=\"0.66\" d=\"M734,67.3c-45.5,0-77.2-23.2-129.1-39.1c-28.6-8.7-150.3-10.1-254,39.1 s-91.7-34.4-149.2,0C115.7,118.3,0,39.8,0,39.8V0h1000v36.5c0,0-28.2-18.5-92.1-18.5C810.2,18.1,775.7,67.3,734,67.3z\"\/>\n\t<path class=\"elementor-shape-fill\" d=\"M766.1,28.9c-200-57.5-266,65.5-395.1,19.5C242,1.8,242,5.4,184.8,20.6C128,35.8,132.3,44.9,89.9,52.5C28.6,63.7,0,0,0,0 h1000c0,0-9.9,40.9-83.6,48.1S829.6,47,766.1,28.9z\"\/>\n<\/svg>\t\t<\/div>\n\t\t\t\t\t<div class=\"elementor-container elementor-column-gap-default\">\n\t\t\t\t\t<div class=\"elementor-column elementor-col-100 elementor-top-column elementor-element elementor-element-8560199\" data-id=\"8560199\" data-element_type=\"column\" data-e-type=\"column\">\n\t\t\t<div class=\"elementor-widget-wrap elementor-element-populated\">\n\t\t\t\t\t\t<section class=\"elementor-section elementor-inner-section elementor-element elementor-element-f9c3941 elementor-section-boxed elementor-section-height-default elementor-section-height-default\" data-id=\"f9c3941\" data-element_type=\"section\" data-e-type=\"section\">\n\t\t\t\t\t\t<div class=\"elementor-container elementor-column-gap-default\">\n\t\t\t\t\t<div class=\"elementor-column elementor-col-100 elementor-inner-column elementor-element elementor-element-6acc01f\" data-id=\"6acc01f\" data-element_type=\"column\" data-e-type=\"column\" data-settings=\"{&quot;background_background&quot;:&quot;classic&quot;}\">\n\t\t\t<div class=\"elementor-widget-wrap elementor-element-populated\">\n\t\t\t\t\t\t<div class=\"elementor-element elementor-element-0188492 elementor-widget elementor-widget-heading\" data-id=\"0188492\" data-element_type=\"widget\" data-e-type=\"widget\" data-widget_type=\"heading.default\">\n\t\t\t\t<div class=\"elementor-widget-container\">\n\t\t\t\t\t<h2 class=\"elementor-heading-title elementor-size-default\">Sygeplejerskekonsultation<\/h2>\t\t\t\t<\/div>\n\t\t\t\t<\/div>\n\t\t\t\t<div class=\"elementor-element elementor-element-2b28e28 elementor-widget elementor-widget-text-editor\" data-id=\"2b28e28\" data-element_type=\"widget\" data-e-type=\"widget\" data-widget_type=\"text-editor.default\">\n\t\t\t\t<div class=\"elementor-widget-container\">\n\t\t\t\t\t\t\t\t\t<p>Sygeplejerskerne udf\u00f8rer selv konsultationer efter aftale med l\u00e6gerne. Man kan ikke forvente at kunne f\u00e5 en konsultation hos l\u00e6gen samme dag som hos sygeplejersken.<\/p><p>\u00a0<\/p><p>Sygeplejerskerne foretager f. eks.:<\/p><p>EKG (hjertekardiogram), b<span style=\"color: var( --e-global-color-daa398f );\">lodpr\u00f8ver (skal tages inden kl 14.30. Ny ordning. Fredag inden kl 12.00),\u00a0<br \/><\/span><span style=\"color: var( --e-global-color-daa398f );\">glucosebelastning, <\/span>fjernelse af sting, gipsfjernelse, udlandsvaccinationer, b\u00f8rnevaccinationer, s\u00e5rkontrol, kateterskift, blodtrykskontrol, fodvortebehandling, \u00f8reskylning, unders\u00f8gelse for halsbet\u00e6ndelse, lungefunktionsunders\u00f8gelser.<\/p><p>Samtaler om rygestop, kost- og livsstils\u00e6ndring foreg\u00e5r ligeledes hos sygeplejerskerne.<\/p><p>\u00a0<\/p>\t\t\t\t\t\t\t\t<\/div>\n\t\t\t\t<\/div>\n\t\t\t\t\t<\/div>\n\t\t<\/div>\n\t\t\t\t\t<\/div>\n\t\t<\/section>\n\t\t\t\t\t<\/div>\n\t\t<\/div>\n\t\t\t\t\t<\/div>\n\t\t<\/section>\n\t\t\t\t<\/div>\n\t\t","protected":false},"excerpt":{"rendered":"<p>Konsultation Konsultation Konsultation foreg\u00e5r kun efter aftale. Der er dagligt konsultationer i tidsrummet 08.00-12.00 og 13.00-15.00. Onsdag er der aftenkonsultation i tidsrummet 14.30-17.00. Konsultationer vedr\u00f8rende akut opst\u00e5et sygdom planl\u00e6gges normalt&nbsp;til tidsrummet 9.30 \u2013 10.00.&nbsp; Telefonkonsultation Telefonkonsultationen er dagligt mellem 08.00-09.00. Alle opkald bliver sekret\u00e6r visiteret og kan bookes til en l\u00e6ge ringer tilbage til dig [&hellip;]<\/p>\n","protected":false},"author":1,"featured_media":0,"parent":0,"menu_order":0,"comment_status":"closed","ping_status":"closed","template":"","meta":{"footnotes":""},"class_list":["post-872","page","type-page","status-publish","hentry"],"_links":{"self":[{"href":"https:\/\/laegerneboesbrovej.dk\/index.php\/wp-json\/wp\/v2\/pages\/872","targetHints":{"allow":["GET"]}}],"collection":[{"href":"https:\/\/laegerneboesbrovej.dk\/index.php\/wp-json\/wp\/v2\/pages"}],"about":[{"href":"https:\/\/laegerneboesbrovej.dk\/index.php\/wp-json\/wp\/v2\/types\/page"}],"author":[{"embeddable":true,"href":"https:\/\/laegerneboesbrovej.dk\/index.php\/wp-json\/wp\/v2\/users\/1"}],"replies":[{"embeddable":true,"href":"https:\/\/laegerneboesbrovej.dk\/index.php\/wp-json\/wp\/v2\/comments?post=872"}],"version-history":[{"count":16,"href":"https:\/\/laegerneboesbrovej.dk\/index.php\/wp-json\/wp\/v2\/pages\/872\/revisions"}],"predecessor-version":[{"id":1086,"href":"https:\/\/laegerneboesbrovej.dk\/index.php\/wp-json\/wp\/v2\/pages\/872\/revisions\/1086"}],"wp:attachment":[{"href":"https:\/\/laegerneboesbrovej.dk\/index.php\/wp-json\/wp\/v2\/media?parent=872"}],"curies":[{"name":"wp","href":"https:\/\/api.w.org\/{rel}","templated":true}]}}